{"id":862,"date":"2018-09-10T09:26:33","date_gmt":"2018-09-10T08:26:33","guid":{"rendered":"https:\/\/www.artgallerymora.it\/?page_id=862"},"modified":"2021-09-03T13:38:05","modified_gmt":"2021-09-03T12:38:05","slug":"condizioni-di-acquisto","status":"publish","type":"page","link":"https:\/\/www.artgallerymora.it\/en_en\/condizioni-di-acquisto\/","title":{"rendered":"condizioni di acquisto"},"content":{"rendered":"<p>PREMESSA<br \/>\nLe presenti condizioni generali si attengono alle norme previste ed in particolare al nuovo DL 21 febbraio 2014, n\u00b021 entrato in vigore il 14\/06\/2014 \u2013 recante Attuazione della direttiva 2011\/83\/UE sui diritti dei consumatori, recante modifica delle direttive 93\/13\/CEE e 1999\/44\/CE e che abroga le direttive 85\/577\/CEE e 97\/7\/CE<\/p>\n<p>&#8211; Le presenti condizioni generali hanno per oggetto l&#8217;acquisto di beni, effettuato a distanza tramite il sito www.artgallerymora.com appartenente a Green T srl con sede in Via Gramsci 2r 17100 Savona (IT) (da questo momento Green T srl) .<br \/>\n&#8211; Per poter effettuare acquisti tramite il sito di www.artgallerymora.com \u00e8 necessario possedere la capacit\u00e0 giuridica richiesta dalla legge italiana.<br \/>\n&#8211; Ci\u00f2 significa, attualmente, aver compiuto il diciottesimo anno di et\u00e0.<br \/>\n&#8211; In caso contrario ogni prenotazione o richiesta d&#8217;acquisto dovranno essere effettuati tramite un genitore o comunque persona esercente la patria potest\u00e0 od un tutore.<\/p>\n<p>PREZZI DI VENDITA E MODALIT\u00c0 DI ACQUISTO<br \/>\n&#8211; Tutti i prezzi di vendita delle opere disponibili, indicati via e-mail e\/o all&#8217;interno del sito Internet www.artgallerymora, sono comprensivi di I.V.A. e di ogni altra imposta prevista dalla vigente normativa italiana;<br \/>\n&#8211; Pertanto, in caso di acquirente privato residente in stato Extra UE oppure acquirente con partita IVA\/VAT N. residente in UE o Extra UE, la fattura verr\u00e0 emessa senza l\u2019applicazione dell\u2019 IVA\/VAT N.<\/p>\n<p><strong>COME ACQUISTARE<\/strong><\/p>\n<p>Si accettano pagamenti tramite<\/p>\n<ul>\n<li>Carte di credito su circuito Banca Sella e circuito PayPal.<\/li>\n<li>Bonifico Bancario sul nostro conto bancario<\/li>\n<li>Le opere saranno consegnate a pagamento completato ed accertato.<\/li>\n<\/ul>\n<p><strong>CONFERMA ORDINE<\/strong><\/p>\n<ul>\n<li>Se si acquista pagando con Carta di credito su circuito Banca Sella o circuito PayPal, l\u2019opera scelta viene preparata per la spedizione entro i due giorni successivi\u00a0 dalla data di acquisto. Verr\u00e0 inviata una comunicazione email di conferma\u00a0<strong>all\u2019indirizzo indicato<\/strong>.<\/li>\n<li>Se si vuole pagare tramite Bonifico Bancario, una volta confermata la volont\u00e0 di acquistare, l&#8217;opera d&#8217;arte viene riservata al cliente.<\/li>\n<\/ul>\n<p>Da questo momento il cliente ha quattro giorni lavorativi per completare la transazione e rispedire la ricevuta di pagamento (a mezzo fax o in allegato a e-mail). Appena ricevuto il pagamento, l\u2019opera d\u2019arte acquistata viene preparata per la spedizione, entro i due giorni successivi. Verr\u00e0 inviata una comunicazione email di conferma\u00a0<strong>all\u2019indirizzo indicato<\/strong>.<\/p>\n<p><strong>SPESE DI SPEDIZIONE<\/strong><\/p>\n<ul>\n<li>Shipping costs include professional packaging of the purchased work.<\/li>\n<li>Shipping costs are not included in the price of the artwork but must be paid at the same time of the purchase of the artwork itself, except for special promotions. All information will be provided to the email address indicated.<\/li>\n<li>For deliveries to countries outside the EU, taxes and customs duties may apply, if and where applicable, which are not included in the purchase price of the work of art, but which must be paid in addition. All information will be provided to the email address provided.<\/li>\n<\/ul>\n<p><strong>SPEDIZIONE E TEMPI DI CONSEGNA<\/strong><\/p>\n<ul>\n<li>I tempi di consegna dipendono dalla zona in cui l&#8217;opera verr\u00e0 spedita. Generalmente la spedizione di un&#8217;opera d&#8217;arte \u00e8 un&#8217;operazione complessa e delicata che necessita di particolari attenzioni nell&#8217;imballaggio. Questo implica tempi un po\u2019 pi\u00f9 lunghi rispetto alle spedizioni di altri prodotti. Per questo non \u00e8 facile stabilire un tempo di consegna valido in tutti i casi. Sar\u00e0 comunque nostra cura, una volta effettuato l&#8217;acquisto, comunicarti i tempi previsti. In ogni caso, puoi chiedere informazioni sulla tua consegna scrivendo all&#8217;indirizzo\u00a0<a href=\"mailto:info@artgallerymora.com\"><strong>info@artgallerymora.com<\/strong><\/a><\/li>\n<li>Unless otherwise specified in the order confirmation, our deliveries are normally made within the first week of the date of purchase of the work of art, considering that each work, as previously indicated, has or may require special care for packaging (made ad hoc).<\/li>\n<li>Shipping and delivery times are, in principle, except in special and\/or unforeseen cases, between 4-7 days in Italy and between 10-14 days abroad. However, we will inform the Customer of the exact timing.<\/li>\n<li>Al Cliente verr\u00e0 data comunicazione del tracking number relativo alla spedizione, inviando i dati<strong>all\u2019indirizzo e-mail indicato.<\/strong><\/li>\n<li>Nessuna responsabilit\u00e0 potr\u00e0 essere attribuita a Green T srl\u00a0per ritardata o mancata consegna imputabile a cause di forza maggiore o caso fortuito.<\/li>\n<li>In tale eventualit\u00e0 si prega di darne quanto prima comunicazione scrivendo a:\u00a0<a href=\"mailto:info@artgallerymora.com\"><strong>info@artgallerymora.com<\/strong><\/a><\/li>\n<\/ul>\n<p><strong>INSURANCE<\/strong><\/p>\n<ul>\n<li>Tutte le spedizioni delle nostre opere possono essere assicurate e, salvo promozioni particolari ,le spese saranno a carico dell\u2019acquirente. Se richiesto, verranno fornite tutte le informazioni all\u2019indirizzo email indicato.<\/li>\n<\/ul>\n<p><strong>\u00a0PACKAGING<\/strong><\/p>\n<ul>\n<li>Ogni opera d&#8217;arte viene preparata per la spedizione con imballi realizzati \u201cad hoc\u201d, per preservarne l&#8217;integrit\u00e0.<br \/>\nPer particolari confezioni\u00a0 forniamo tutte le istruzioni per l&#8217;apertura, in particolare se trattasi di opere di scultura.<\/li>\n<li>Se necessario siamo in grado di effettuare direttamente l\u2019installazione.<\/li>\n<\/ul>\n<p>Per esigenze particolari non esitate a contattarci scrivendo a: <a href=\"mailto:info@artgallerymora.com\">info@artgallerymora.com<\/a><\/p>\n<p><strong>SHIPPERS<\/strong><\/p>\n<ul>\n<li>For our shipments we have made agreements with the best companies operating in the sector and at the best prices.<\/li>\n<li>We can make deliveries to any destination: Italy, Europe, Extra EU.<\/li>\n<\/ul>\n<p><strong>ATTACHED DOCUMENTS<\/strong><\/p>\n<ul>\n<li>Each consignment is accompanied by an invoice, certificates of authenticity and, in the case of purchase in a non-European country, where necessary and required, export permits issued by the competent office.<\/li>\n<\/ul>\n<p><strong>OBBLIGHI DELL&#8217;ACQUIRENTE<\/strong><\/p>\n<ul>\n<li>Il cliente si impegna e si obbliga, una volta conclusa la procedura d&#8217;acquisto on line, a provvedere alla stampa ed alla conservazione delle presenti condizioni generali.<\/li>\n<li>Le presenti condizioni generali possono essere aggiornate o modificate in qualsiasi momento da\u00a0<strong>Green T srl <\/strong>che provveder\u00e0 a darne comunicazione tramite il proprio sito web.<\/li>\n<li>Il cliente si impegna ed obbliga, ogni qualvolta intervenga una modifica delle presenti condizioni generali, a prenderne atto.<\/li>\n<li>\u00c8 fatto divieto all&#8217;acquirente di inserire dati falsi, inventati o di fantasia, nella procedura di registrazione necessaria ad attivare nei suoi confronti la procedura per l&#8217;esecuzione del presente contratto e le relative ulteriori comunicazioni.<\/li>\n<li>I dati anagrafici e l\u2019indirizzo e-mail devono essere esclusivamente i propri reali dati personali e non di terze persone o di fantasia.<\/li>\n<\/ul>\n<p><strong>DIRITTO DI RECESSO<\/strong><\/p>\n<ul>\n<li>Ai sensi dell&#8217;art. 49 del\u00a0<strong>DL n\u00b021 del febbraio 2014, entrato in vigore il 14\/06\/2014<\/strong>il cliente pu\u00f2 esercitare il diritto di recesso, restituendo il bene ricevuto e ottenendo il rimborso del prezzo pagato.<\/li>\n<li>Il cliente che non si ritenesse soddisfatto dell&#8217;acquisto effettuato, ha diritto di recedere dal contratto stipulato senza alcuna penalit\u00e0 e senza specificarne il motivo, entro il termine di 14 (quattordici) giorni decorrenti dal giorno del ricevimento del bene acquistato.<\/li>\n<li>Si precisa che per &#8220;<strong>CLIENTE<\/strong>&#8221; si intende la\u00a0<strong>persona fisica<\/strong>che in relazione al Contratto di acquisto, agisca per scopi estranei alla propria attivit\u00e0 professionale.<\/li>\n<li>In caso di riconsegna del bene acquistato tutti i costi di ritorno sono a carico del cliente il quale, direttamente o tramite altro mezzo, provveder\u00e0 alla riconsegna presso il domicilio di\u00a0<strong>Green T srl<\/strong>.<\/li>\n<li>Per esercitare il diritto di recesso il cliente dovr\u00e0, entro il termine sopra indicato di giorni 14 (quattordici), inviare lettera raccomandata con ricevuta di ritorno al seguente indirizzo:\u00a0<strong>Green T srl\u00a0<\/strong>\u2013 Via Antonio Gramsci 2r\u2013 17100 Savona.<\/li>\n<li>Il Cliente pu\u00f2 inoltrare la stessa comunicazione di recesso anche a mezzo e-mai, ma comunque entro 48 ore dalla data della comunicazione dovr\u00e0 inviare lettera raccomandata con ricevuta di ritorno,\u00a0a conferma del manifesto recesso, al seguente indirizzo:\u00a0<strong>Green T srl<\/strong>\u2013 Via Antonio Gramsci 2r\u2013 17100 Savona.<\/li>\n<li><strong>Green T srl <\/strong>si riserva di accettare la merce restituita solo dopo aver constatato che l\u2019opera o le opere siano state riconsegnate nello stato d&#8217;origine e con gli imballi originali, corredate della fattura e\/o della ricevuta fiscale in originale, del certificato di autenticit\u00e0 in originale (gi\u00e0 allegate al momento della consegna); solo in tal caso Green T srl.it restituir\u00e0 l&#8217;intero importo versato dal consumatore entro i termini di legge previsti e secondo le modalit\u00e0 concordate e comunque non oltre trenta giorni dal ricevimento delle opere restituite.<\/li>\n<li>I costi per la restituzione della merce sono a carico dell\u2019acquirente.<\/li>\n<li>Si ricorda che il diritto di recesso \u00e8 esercitabile solo dal\u00a0<strong>Cliente (persona fisica)<\/strong>originario acquirente e non pu\u00f2 essere riconosciuto o esercitato da successivi acquirenti dei beni venduti.<\/li>\n<\/ul>\n<p><strong>SICUREZZA DEI PAGAMENTI<\/strong><\/p>\n<ul>\n<li>La procedura di transazione con carta di credito \u00e8 effettuata tramite connessione protetta direttamente collegata all&#8217;istituto bancario titolare e gestore del servizio di pagamento &#8220;on line&#8221;, al quale\u00a0<strong>Green T srl<\/strong>in nessun caso pu\u00f2 accedere.<\/li>\n<li>La sicurezza del servizio \u00e8 garantita da un colloquio criptato con il server sicuro di Banca Sella\u00a0 e di Pay Pal. Tramite questi accorgimenti \u00e8 possibile scambiare dati sensibili, quali numeri di carta di credito, in modo sicuro durante il percorso tra il browser del cliente e il server. Il protocollo SSL o &#8220;Secure Socket Layers&#8221; \u00e8 il metodo pi\u00f9 diffuso per la protezione dei dati su Internet e universalmente riconosciuto per la sua efficacia.<\/li>\n<\/ul>\n<p><strong>RISOLUZIONE CONTRATTUALE E CLAUSOLA RISOLUTIVA ESPRESSA<\/strong><\/p>\n<ul>\n<li><strong>Green T srl <\/strong>ha la facolt\u00e0 di risolvere il contratto stipulato dando semplice comunicazione al cliente con indicazione della motivazione; in questo caso il cliente avr\u00e0 diritto solo ed esclusivamente alla restituzione dell&#8217;eventuale somma gi\u00e0 corrisposta.<\/li>\n<\/ul>\n<p><strong>CONCLUSIONE DEL CONTRATTO D\u2019ACQUISTO<\/strong><\/p>\n<ul>\n<li>Il contratto d\u2019acquisto di opere d\u2019arte messe in vendita sul sito di\u00a0<strong>Green T srl <\/strong>si intende concluso all\u2019atto del ricevimento, da parte del Cliente, della merce ordinata e trascorsi giorni 14 per poter esercitare l\u2019eventuale diritto di recesso.<\/li>\n<\/ul>\n<p><strong>RECLAMI<\/strong><\/p>\n<ul>\n<li><strong>Green T srl <\/strong>ritiene fondamentale la soddisfazione del Cliente. Allo stesso modo \u00e8 importante per noi perseguire un miglioramento continuo anche e soprattutto sulla base delle indicazioni fornite proprio dai nostri Clienti. Pertanto, in caso di reclamo per qualsiasi causa o motivo occorso,\u00a0<strong>Green T srl <\/strong>mette a disposizione una modulistica appositamente predisposta, da compilare e rispedire.<\/li>\n<\/ul>\n<p><strong><em>Il presente formulario \u00e8 stato redatto dai servizi della Commissione europea e non deve essere modificato dai suoi utilizzatori. L\u2019utilizzazione del formulario intende migliorare la comunicazione tra i consumatori e i professionisti per raggiungere, nella misura del possibile, una soluzione amichevole dei problemi che essi possono incontrare nel quadro delle varie transazioni. Il formulario \u00e8 disponibile in tutte le lingue dell\u2019Unione europea.<\/em><\/strong><\/p>\n<p><a href=\"http:\/\/ec.europa.eu\/consumers\/redress\/compl\/index_en.htm\"><strong><em>http:\/\/ec.europa.eu\/consumers\/redress\/compl\/index_en.htm<\/em><\/strong><\/a><\/p>\n<p><strong><em>Il formulario non deve essere, in nessun caso, inviato alla Commissione europea che non \u00e8 competente per intervenire in questo tipo di controversie!<\/em><\/strong><\/p>\n<ul>\n<li><strong>Green T srl <\/strong>si impegna, ove possibile, a ricercare, ridurre o eliminare le anomalie\u00a0 che hanno causato tale reclamo, dandone risposta in tempi brevi.<\/li>\n<li>I dati personali sono raccolti con la finalit\u00e0 di registrare il cliente e poter procedere nell\u2019esecuzione del presente contratto e per tutte le relative necessarie comunicazioni; tali dati sono trattati elettronicamente nel rispetto delle leggi vigenti e potranno essere esibiti soltanto su richiesta della autorit\u00e0 giudiziaria ovvero di altre autorit\u00e0 autorizzate.<\/li>\n<li>I dati personali sono trattati in forma automatizzata ai fini dell&#8217;acquisto dei beni offerti e per l&#8217;invio di comunicazioni relative all\u2019attivit\u00e0 di\u00a0<strong>Green T srl<\/strong> In mancanza del conferimento dei dati\u00a0<strong>Green T srl<\/strong>non potr\u00e0 perfezionare l&#8217;acquisto dei beni offerti in vendita.<\/li>\n<li>I dati personali del cliente saranno comunicati solo ed esclusivamente a soggetti esterni, a seguito di precisi accordi stipulati, che svolgono funzioni strettamente connesse e strumentali all&#8217;operativit\u00e0 degli ordini di acquisto on-line, come la gestione del sistema informatico, il controllo dei pagamenti, la gestione degli ordini, la fatturazione, le spedizioni.<\/li>\n<li>Titolare del trattamento \u00e8\u00a0<strong>Green T srl<\/strong>, con sede in Savona Via Antonio Gramsci 2 r. Il cliente potr\u00e0 esercitare i diritti di cui all&#8217;art.13 della Legge 675\/1996 (accesso, correzione, cancellazione, opposizione al trattamento etc.) rivolgendosi a\u00a0<strong>Green T srl<\/strong>o al responsabile del trattamento dei dati sig. Alexandre Mora Sverzut con domicilio presso la sede di\u00a0<strong>Green T srl.<\/strong><\/li>\n<\/ul>\n<p><strong>PRIVACY<\/strong><\/p>\n<ul>\n<li>I dati personali sono raccolti con la finalit\u00e0 di registrare il cliente e poter procedere nell\u2019esecuzione del presente contratto e per tutte le relative necessarie comunicazioni; tali dati sono trattati elettronicamente nel rispetto delle leggi vigenti e potranno essere esibiti soltanto su richiesta della autorit\u00e0 giudiziaria ovvero di altre autorit\u00e0 autorizzate.<\/li>\n<li>I dati personali sono trattati in forma automatizzata ai fini dell&#8217;acquisto dei beni offerti e per l&#8217;invio di comunicazioni relative all\u2019attivit\u00e0 di\u00a0<strong>Green T srl<\/strong>. In mancanza del conferimento dei dati\u00a0<strong>Green T srl <\/strong>non potr\u00e0 perfezionare l&#8217;acquisto dei beni offerti in vendita.<\/li>\n<li>I dati personali del cliente saranno comunicati solo ed esclusivamente a soggetti esterni, a seguito di precisi accordi stipulati, che svolgono funzioni strettamente connesse e strumentali all&#8217;operativit\u00e0 degli ordini di acquisto on-line, come la gestione del sistema informatico, il controllo dei pagamenti, la gestione degli ordini, la fatturazione, le spedizioni.<\/li>\n<\/ul>\n<p>Titolare del trattamento \u00e8\u00a0<strong>Green T srl<\/strong>\u00a0 con sede in Savona Via Antonio Gramsci 2r. Il cliente potr\u00e0 esercitare i diritti di cui all&#8217;art.13 della Legge 675\/1996 (accesso, correzione, cancellazione, opposizione al trattamento etc.) rivolgendosi a\u00a0<strong>Green T srl <\/strong>o al responsabile del trattamento dei dati sig. Alexandre Mora Sverzut con domicilio presso la sede di\u00a0<strong>Green T srl<\/strong>.<\/p>\n<p><strong>RIPRODUZIONE DELLE IMMAGINI (DIRITTO DELL\u2019ARTISTA ECC.)<\/strong><\/p>\n<ul>\n<li>Ai sensi della normativa sulla tutela del diritto d&#8217;autore vigente in Italia sono vietate la riproduzione delle opere presenti nel sito\u00a0<strong>artgallerymora.com<\/strong> e tutte le utilizzazioni diverse dalla consultazione individuale e privata.<\/li>\n<\/ul>\n<p><strong>COLLEGAMENTI IPERTESTUALI<\/strong><\/p>\n<ul>\n<li><strong>Green T srl<\/strong>non sar\u00e0 responsabile in relazione a quanto contenuto nei siti ipertestuali connessi al proprio, in quanto totalmente estranei a qualsiasi forma di controllo da parte di\u00a0<strong>Green T srl<\/strong> Pertanto i rischi legati all&#8217;utilizzo di tali siti saranno totalmente a carico dell&#8217;utente.<\/li>\n<\/ul>\n<p><strong>TRASMISSIONE DI DATI<\/strong><\/p>\n<ul>\n<li>Qualsiasi dato od informazione inviato e trasmesso a\u00a0<strong>Green T srl <\/strong>sar\u00e0 dalla stessa trattato nel rispetto delle previsioni di cui alla legge n. 675\/96 sulla tutela della Privacy.<\/li>\n<li>L&#8217;utente si impegna a non trasmettere a questo sito materiale dal contenuto osceno, volgare, pornografico, diffamatorio, blasfemo o comunque lesivo di qualsiasi diritto tutelato dalle leggi Italiane; in caso contrario, se ne assumer\u00e0 la completa responsabilit\u00e0 ai sensi di legge.<\/li>\n<li>Il Cliente non potr\u00e0 cedere n\u00e9 in altro modo trasferire a terzi alcuno dei diritti e obbligazioni derivanti dalle presenti Condizioni Generali, senza il preventivo consenso scritto di\u00a0<strong>Green T srl<\/strong>.<\/li>\n<\/ul>\n<p><strong>\u00a0CEDIBILITA&#8217;<\/strong><\/p>\n<ul>\n<li>Il Cliente non potr\u00e0 cedere n\u00e9 in altro modo trasferire a terzi alcuno dei diritti e obbligazioni derivanti dalle presenti Condizioni Generali, senza il preventivo consenso scritto di\u00a0<strong>Green T srl<\/strong><\/li>\n<\/ul>\n<p><strong>\u00a0RISOLUZIONE<\/strong><\/p>\n<ul>\n<li>Ai sensi e per gli effetti dell&#8217;art.1453 cod. civ. il contratto si intender\u00e0 risolto ipso iure, con semplice comunicazione, scritta e\/o via e-mail di\u00a0<strong>Green T srl <\/strong>al Cliente, qualora quest&#8217;ultimo non provveda al pagamento di qualunque somma da Lui dovuta ai sensi del Contratto e delle presenti Condizioni Generali entro 5 (cinque) giorni dal ricevimento di apposita comunicazione scritta e\/o via e-mail di\u00a0<strong>Green T srl<\/strong>che dia notizia del mancato pagamento. In caso di risoluzione del contratto, fatto salvo il diritto di\u00a0<strong>Green T srl<\/strong>\u00a0al risarcimento dei danni, le spese di spedizione e\/o recupero dei beni, di assicurazione degli stessi e tutte le tasse relative saranno a carico del Cliente.<\/li>\n<\/ul>\n<p><strong>\u00a0<\/strong><strong>LEGGE APPLICABILE E FORO COMPETENTE\u00a0<\/strong><\/p>\n<ul>\n<li>Il presente contratto \u00e8 regolato dalla legge italiana. La competenza e il foro esclusivo per ogni eventuale azione legale intentata dall\u2019Acquirente ai sensi della presente garanzia o di eventuali ulteriori garanzie legali sar\u00e0 il Tribunale di Savona. In caso di vittoria di\u00a0<strong>Green T srl <\/strong>in un\u2019eventuale azione legale, l\u2019attore dovr\u00e0 rimborsare a\u00a0<strong>Green T srl <\/strong>le spese, comprese le parcelle degli avvocati e le spese del giudizio, sostenute da\u00a0<strong>Green T srl<\/strong>per la propria difesa.<\/li>\n<\/ul>","protected":false},"excerpt":{"rendered":"<p>PREMESSA Le presenti condizioni generali si attengono alle norme previste ed in particolare al nuovo DL 21 febbraio 2014, n\u00b021 entrato in vigore il 14\/06\/2014 \u2013 recante Attuazione della direttiva 2011\/83\/UE sui diritti dei consumatori, recante modifica delle direttive 93\/13\/CEE e 1999\/44\/CE e che abroga le direttive 85\/577\/CEE e 97\/7\/CE &#8211; Le presenti condizioni generali &hellip;<\/p>\n<p class=\"read-more\"> <a class=\"\" href=\"https:\/\/www.artgallerymora.it\/en_en\/condizioni-di-acquisto\/\"> <span class=\"screen-reader-text\">condizioni di acquisto<\/span> Read More &raquo;<\/a><\/p>","protected":false},"author":1,"featured_media":0,"parent":0,"menu_order":0,"comment_status":"closed","ping_status":"closed","template":"","meta":{"footnotes":""},"_links":{"self":[{"href":"https:\/\/www.artgallerymora.it\/en_en\/wp-json\/wp\/v2\/pages\/862"}],"collection":[{"href":"https:\/\/www.artgallerymora.it\/en_en\/wp-json\/wp\/v2\/pages"}],"about":[{"href":"https:\/\/www.artgallerymora.it\/en_en\/wp-json\/wp\/v2\/types\/page"}],"author":[{"embeddable":true,"href":"https:\/\/www.artgallerymora.it\/en_en\/wp-json\/wp\/v2\/users\/1"}],"replies":[{"embeddable":true,"href":"https:\/\/www.artgallerymora.it\/en_en\/wp-json\/wp\/v2\/comments?post=862"}],"version-history":[{"count":9,"href":"https:\/\/www.artgallerymora.it\/en_en\/wp-json\/wp\/v2\/pages\/862\/revisions"}],"predecessor-version":[{"id":4744,"href":"https:\/\/www.artgallerymora.it\/en_en\/wp-json\/wp\/v2\/pages\/862\/revisions\/4744"}],"wp:attachment":[{"href":"https:\/\/www.artgallerymora.it\/en_en\/wp-json\/wp\/v2\/media?parent=862"}],"curies":[{"name":"wp","href":"https:\/\/api.w.org\/{rel}","templated":true}]}}